{"id":1933,"date":"2025-10-06T09:57:03","date_gmt":"2025-10-06T07:57:03","guid":{"rendered":"https:\/\/www.stiftung-mbf.ch\/?post_type=product&#038;p=1933"},"modified":"2026-03-07T16:05:23","modified_gmt":"2026-03-07T15:05:23","slug":"block-s-ahorn","status":"publish","type":"product","link":"https:\/\/www.stiftung-mbf.ch\/ls\/produkt\/block-s-ahorn\/","title":{"rendered":"BLOCK &#8211; S (Ahorn)"},"content":{"rendered":"<p>Der BLOCK \u2013\u00a0S von STEIN MADE sieht in seiner U-Form nicht nur gut aus, er ist vor allem ein praktischer Gehilfe f\u00fcr viele Zwecke. Griffhilfen sind genau da eingebaut wo sie gebraucht werden und die Saftrille sorgt f\u00fcr Sauberkeit beim Arbeiten in der K\u00fcche.<\/p>\n<p>Auch mit Logo oder Branding individualisierbar. Unser Verkaufsteam ber\u00e4t Sie gern.<span style=\"color: #104578;\"><a style=\"color: #104578;\" href=\"https:\/\/www.stiftung-mbf.ch\/kontakt\/?kontakt=produkte-dienstleistungen#Kontaktformular\">&gt; Mit einem Klick die M\u00f6glichkeiten f\u00fcr Ihr Logo auf diesem Produkt anfragen!<\/a><\/span><\/p \n\n","protected":false},"excerpt":{"rendered":"<h1>Halbrundes K\u00fcchenbrett mit Saftrille<\/h1>\n","protected":false},"featured_media":2103,"comment_status":"closed","ping_status":"closed","template":"","meta":{"_acf_changed":false},"product_brand":[],"product_cat":[38],"product_tag":[57,54,56,55],"class_list":{"0":"post-1933","1":"product","2":"type-product","3":"status-publish","4":"has-post-thumbnail","6":"product_cat-steinmade-kuechenhelfer-holzaccessoires","7":"product_tag-ahorn","8":"product_tag-block","9":"product_tag-brett","10":"product_tag-kuechenbrett","12":"first","13":"instock","14":"taxable","15":"shipping-taxable","16":"purchasable","17":"product-type-simple"},"acf":[],"_links":{"self":[{"href":"https:\/\/www.stiftung-mbf.ch\/ls\/wp-json\/wp\/v2\/product\/1933","targetHints":{"allow":["GET"]}}],"collection":[{"href":"https:\/\/www.stiftung-mbf.ch\/ls\/wp-json\/wp\/v2\/product"}],"about":[{"href":"https:\/\/www.stiftung-mbf.ch\/ls\/wp-json\/wp\/v2\/types\/product"}],"replies":[{"embeddable":true,"href":"https:\/\/www.stiftung-mbf.ch\/ls\/wp-json\/wp\/v2\/comments?post=1933"}],"wp:featuredmedia":[{"embeddable":true,"href":"https:\/\/www.stiftung-mbf.ch\/ls\/wp-json\/wp\/v2\/media\/2103"}],"wp:attachment":[{"href":"https:\/\/www.stiftung-mbf.ch\/ls\/wp-json\/wp\/v2\/media?parent=1933"}],"wp:term":[{"taxonomy":"product_brand","embeddable":true,"href":"https:\/\/www.stiftung-mbf.ch\/ls\/wp-json\/wp\/v2\/product_brand?post=1933"},{"taxonomy":"product_cat","embeddable":true,"href":"https:\/\/www.stiftung-mbf.ch\/ls\/wp-json\/wp\/v2\/product_cat?post=1933"},{"taxonomy":"product_tag","embeddable":true,"href":"https:\/\/www.stiftung-mbf.ch\/ls\/wp-json\/wp\/v2\/product_tag?post=1933"}],"curies":[{"name":"wp","href":"https:\/\/api.w.org\/{rel}","templated":true}]}}