{"id":1939,"date":"2025-10-06T10:46:50","date_gmt":"2025-10-06T08:46:50","guid":{"rendered":"https:\/\/www.stiftung-mbf.ch\/?post_type=product&#038;p=1939"},"modified":"2026-03-07T16:01:54","modified_gmt":"2026-03-07T15:01:54","slug":"wender-s-buche","status":"publish","type":"product","link":"https:\/\/www.stiftung-mbf.ch\/ls\/produkt\/wender-s-buche\/","title":{"rendered":"WENDER &#8211; S (Buche)"},"content":{"rendered":"<p>Kellen, L\u00f6ffel und Wender sind unsere t\u00e4glichen Handwerkzeuge in der K\u00fcche. Je nach Gericht erf\u00fcllt jedes einzelne Produkt seine ganz spezifische Aufgabe. Klare und einfache Formen machen sie zu typischen STEIN MADE-Produkten.<\/p>\n<p>Von Hand gefertig, passt er in jede Hand. Egal was in Ihrer Pfanne brutzelt, so macht kochen Spass. Der WENDER \u2013\u00a0S ist handlich-filigran und hat in jeder K\u00fcche platz. Er besteht aus Schweizer Buche aus nachhaltiger Forstwirtschaft und besticht durch seine Langlebigkeit.<\/p>\n<p>Auch mit Logo oder Branding individualisierbar. Unser Verkaufsteam ber\u00e4t Sie gern.<span style=\"color: #104578;\"><a style=\"color: #104578;\" href=\"https:\/\/www.stiftung-mbf.ch\/kontakt\/?kontakt=produkte-dienstleistungen#Kontaktformular\">&gt; Mit einem Klick die M\u00f6glichkeiten f\u00fcr Ihr Logo auf diesem Produkt anfragen!<\/a><\/span><\/p \n\n","protected":false},"excerpt":{"rendered":"<h1>Kleiner Pfannenwender<\/h1>\n","protected":false},"featured_media":2091,"comment_status":"closed","ping_status":"closed","template":"","meta":{"_acf_changed":false},"product_brand":[],"product_cat":[38],"product_tag":[62,61],"class_list":{"0":"post-1939","1":"product","2":"type-product","3":"status-publish","4":"has-post-thumbnail","6":"product_cat-steinmade-kuechenhelfer-holzaccessoires","7":"product_tag-pfannenwender","8":"product_tag-wender","10":"first","11":"instock","12":"taxable","13":"shipping-taxable","14":"purchasable","15":"product-type-simple"},"acf":[],"_links":{"self":[{"href":"https:\/\/www.stiftung-mbf.ch\/ls\/wp-json\/wp\/v2\/product\/1939","targetHints":{"allow":["GET"]}}],"collection":[{"href":"https:\/\/www.stiftung-mbf.ch\/ls\/wp-json\/wp\/v2\/product"}],"about":[{"href":"https:\/\/www.stiftung-mbf.ch\/ls\/wp-json\/wp\/v2\/types\/product"}],"replies":[{"embeddable":true,"href":"https:\/\/www.stiftung-mbf.ch\/ls\/wp-json\/wp\/v2\/comments?post=1939"}],"wp:featuredmedia":[{"embeddable":true,"href":"https:\/\/www.stiftung-mbf.ch\/ls\/wp-json\/wp\/v2\/media\/2091"}],"wp:attachment":[{"href":"https:\/\/www.stiftung-mbf.ch\/ls\/wp-json\/wp\/v2\/media?parent=1939"}],"wp:term":[{"taxonomy":"product_brand","embeddable":true,"href":"https:\/\/www.stiftung-mbf.ch\/ls\/wp-json\/wp\/v2\/product_brand?post=1939"},{"taxonomy":"product_cat","embeddable":true,"href":"https:\/\/www.stiftung-mbf.ch\/ls\/wp-json\/wp\/v2\/product_cat?post=1939"},{"taxonomy":"product_tag","embeddable":true,"href":"https:\/\/www.stiftung-mbf.ch\/ls\/wp-json\/wp\/v2\/product_tag?post=1939"}],"curies":[{"name":"wp","href":"https:\/\/api.w.org\/{rel}","templated":true}]}}