{"id":1941,"date":"2025-10-06T10:59:50","date_gmt":"2025-10-06T08:59:50","guid":{"rendered":"https:\/\/www.stiftung-mbf.ch\/?post_type=product&#038;p=1941"},"modified":"2026-03-07T16:00:13","modified_gmt":"2026-03-07T15:00:13","slug":"loeffel-s-ahorn","status":"publish","type":"product","link":"https:\/\/www.stiftung-mbf.ch\/ls\/produkt\/loeffel-s-ahorn\/","title":{"rendered":"L\u00d6FFEL &#8211; S (Ahorn)"},"content":{"rendered":"<p>Kellen, L\u00f6ffel und Wender sind unsere t\u00e4glichen Handwerkzeuge in der K\u00fcche. Je nach Gericht erf\u00fcllt jedes einzelne Produkt seine ganz spezifische Aufgabe. Klare und einfache Formen machen sie zu typischen STEIN MADE-Produkten.<\/p>\n<p>Auch mit Logo oder Branding individualisierbar. Unser Verkaufsteam ber\u00e4t Sie gern.<span style=\"color: #104578;\"><a style=\"color: #104578;\" href=\"https:\/\/www.stiftung-mbf.ch\/kontakt\/?kontakt=produkte-dienstleistungen#Kontaktformular\">&gt; Mit einem Klick die M\u00f6glichkeiten f\u00fcr Ihr Logo auf diesem Produkt anfragen!<\/a><\/span><\/p \n\n","protected":false},"excerpt":{"rendered":"<h1>Kleiner L\u00f6ffel<\/h1>\n","protected":false},"featured_media":2009,"comment_status":"closed","ping_status":"closed","template":"","meta":{"_acf_changed":false},"product_brand":[],"product_cat":[38],"product_tag":[57,64,63],"class_list":{"0":"post-1941","1":"product","2":"type-product","3":"status-publish","4":"has-post-thumbnail","6":"product_cat-steinmade-kuechenhelfer-holzaccessoires","7":"product_tag-ahorn","8":"product_tag-holz","9":"product_tag-loeffel","11":"first","12":"instock","13":"taxable","14":"shipping-taxable","15":"purchasable","16":"product-type-simple"},"acf":[],"_links":{"self":[{"href":"https:\/\/www.stiftung-mbf.ch\/ls\/wp-json\/wp\/v2\/product\/1941","targetHints":{"allow":["GET"]}}],"collection":[{"href":"https:\/\/www.stiftung-mbf.ch\/ls\/wp-json\/wp\/v2\/product"}],"about":[{"href":"https:\/\/www.stiftung-mbf.ch\/ls\/wp-json\/wp\/v2\/types\/product"}],"replies":[{"embeddable":true,"href":"https:\/\/www.stiftung-mbf.ch\/ls\/wp-json\/wp\/v2\/comments?post=1941"}],"wp:featuredmedia":[{"embeddable":true,"href":"https:\/\/www.stiftung-mbf.ch\/ls\/wp-json\/wp\/v2\/media\/2009"}],"wp:attachment":[{"href":"https:\/\/www.stiftung-mbf.ch\/ls\/wp-json\/wp\/v2\/media?parent=1941"}],"wp:term":[{"taxonomy":"product_brand","embeddable":true,"href":"https:\/\/www.stiftung-mbf.ch\/ls\/wp-json\/wp\/v2\/product_brand?post=1941"},{"taxonomy":"product_cat","embeddable":true,"href":"https:\/\/www.stiftung-mbf.ch\/ls\/wp-json\/wp\/v2\/product_cat?post=1941"},{"taxonomy":"product_tag","embeddable":true,"href":"https:\/\/www.stiftung-mbf.ch\/ls\/wp-json\/wp\/v2\/product_tag?post=1941"}],"curies":[{"name":"wp","href":"https:\/\/api.w.org\/{rel}","templated":true}]}}