{"id":1970,"date":"2025-10-06T14:45:51","date_gmt":"2025-10-06T12:45:51","guid":{"rendered":"https:\/\/www.stiftung-mbf.ch\/?post_type=product&#038;p=1970"},"modified":"2026-03-27T09:34:54","modified_gmt":"2026-03-27T08:34:54","slug":"corky","status":"publish","type":"product","link":"https:\/\/www.stiftung-mbf.ch\/ls\/produkt\/corky\/","title":{"rendered":"Corky"},"content":{"rendered":"<p>Der Corky ist der ideale Korkenzieher, um Korken m\u00fchelos und sicher zu entfernen. Seit 1965 steht dieses Schweizer Qualit\u00e4tsprodukt f\u00fcr zuverl\u00e4ssige Handhabung.<\/p>\n<p>Die innovative Luftdrucktechnologie erm\u00f6glicht ein kinderleichtes \u00d6ffnen von Weinflaschen, ohne dass Korken abbrechen oder zerbr\u00f6seln. Mit maximaler Luftmenge pro Pumpstoss gelingt das Korkenentfernen im Handumdrehen.<\/p>\n<p>Montiert von Menschen mit Unterst\u00fctzungsbedarf der Stiftung MBF, f\u00f6rdert jeder Corky-Kauf sinnvolle Arbeit und soziales Engagement.<\/p>\n<p>Corky vereint Schweizer Qualit\u00e4t und soziales Bewusstsein in einem einzigartigen Flaschen\u00f6ffner. Perfekt f\u00fcr unbeschwerten Weingenuss, gepaart mit einem pers\u00f6nlichen Beitrag f\u00fcr eine inklusivere Gesellschaft.<\/p>\n<p>Auch mit Logo oder Branding individualisierbar. Unser Verkaufsteam ber\u00e4t Sie gern.<span style=\"color: #104578;\"><a style=\"color: #104578;\" href=\"https:\/\/www.stiftung-mbf.ch\/kontakt\/?kontakt=produkte-dienstleistungen#Kontaktformular\">&gt; Mit einem Klick die M\u00f6glichkeiten f\u00fcr Ihr Logo auf diesem Produkt anfragen!<\/a><\/span>&lt;\/p<\/p>\n","protected":false},"excerpt":{"rendered":"<h1>Korkenzieher<\/h1>\n","protected":false},"featured_media":2179,"comment_status":"closed","ping_status":"closed","template":"","meta":{"_acf_changed":false},"product_brand":[],"product_cat":[38],"product_tag":[89,88,90],"class_list":{"0":"post-1970","1":"product","2":"type-product","3":"status-publish","4":"has-post-thumbnail","6":"product_cat-steinmade-kuechenhelfer-holzaccessoires","7":"product_tag-corky","8":"product_tag-korkenzieher","9":"product_tag-sonstiges","11":"first","12":"instock","13":"taxable","14":"shipping-taxable","15":"purchasable","16":"product-type-simple"},"acf":[],"_links":{"self":[{"href":"https:\/\/www.stiftung-mbf.ch\/ls\/wp-json\/wp\/v2\/product\/1970","targetHints":{"allow":["GET"]}}],"collection":[{"href":"https:\/\/www.stiftung-mbf.ch\/ls\/wp-json\/wp\/v2\/product"}],"about":[{"href":"https:\/\/www.stiftung-mbf.ch\/ls\/wp-json\/wp\/v2\/types\/product"}],"replies":[{"embeddable":true,"href":"https:\/\/www.stiftung-mbf.ch\/ls\/wp-json\/wp\/v2\/comments?post=1970"}],"wp:featuredmedia":[{"embeddable":true,"href":"https:\/\/www.stiftung-mbf.ch\/ls\/wp-json\/wp\/v2\/media\/2179"}],"wp:attachment":[{"href":"https:\/\/www.stiftung-mbf.ch\/ls\/wp-json\/wp\/v2\/media?parent=1970"}],"wp:term":[{"taxonomy":"product_brand","embeddable":true,"href":"https:\/\/www.stiftung-mbf.ch\/ls\/wp-json\/wp\/v2\/product_brand?post=1970"},{"taxonomy":"product_cat","embeddable":true,"href":"https:\/\/www.stiftung-mbf.ch\/ls\/wp-json\/wp\/v2\/product_cat?post=1970"},{"taxonomy":"product_tag","embeddable":true,"href":"https:\/\/www.stiftung-mbf.ch\/ls\/wp-json\/wp\/v2\/product_tag?post=1970"}],"curies":[{"name":"wp","href":"https:\/\/api.w.org\/{rel}","templated":true}]}}